{"id":2663,"date":"2021-07-31T16:02:43","date_gmt":"2021-07-31T22:02:43","guid":{"rendered":"http:\/\/www.mamading.com\/?post_type=product&#038;p=2663"},"modified":"2022-09-21T12:25:21","modified_gmt":"2022-09-21T18:25:21","slug":"cerveza-cass-330ml-6-latas","status":"publish","type":"product","link":"https:\/\/www.mamading.com\/en\/product\/cerveza-cass-330ml-6-latas\/","title":{"rendered":"Cerveza Cass &#8211; 330ml"},"content":{"rendered":"<p><span style=\"font-size: 12pt;\">La cerveza Cass es la cerveza m\u00e1s popular en Corea<\/span><\/p>\n<p><span style=\"font-size: 12pt;\">Es la \u00fanica cerveza en Corea que se fabrica utilizando un metodo nuevo de proceso sin calor y es la opci\u00f3n preferida de cerveza entre las generaciones m\u00e1s jovenes<\/span><\/p>\n<p><span style=\"font-size: 12pt;\">Perfecto para cualquier fiesta!<\/span><\/p>\n<p><span style=\"font-size: 12pt;\">Korea Product<\/span><\/p>\n<p><span style=\"font-size: 12pt;\">**El abuso del licor es nocivo para la salud**<\/span><\/p>","protected":false},"excerpt":{"rendered":"<p>La cerveza Cass es la cerveza m\u00e1s popular en Corea Es la \u00fanica cerveza en Corea que se fabrica utilizando un metodo nuevo de proceso sin calor y es la opci\u00f3n preferida de cerveza entre las generaciones m\u00e1s jovenes Perfecto para cualquier fiesta! Producto Corea **El abuso del licor es nocivo para la salud**<\/p>","protected":false},"featured_media":3708,"template":"","meta":[],"product_brand":[],"product_cat":[560],"product_tag":[280,281,282,283,284,285,211],"class_list":{"0":"post-2663","1":"product","2":"type-product","3":"status-publish","4":"has-post-thumbnail","6":"product_cat-bebidas-con-alcohol","7":"product_tag-cass-beer","8":"product_tag-cerveza","9":"product_tag-cerveza-alcoholica","10":"product_tag-cerveza-cass","11":"product_tag-cerveza-coreana","12":"product_tag-producto-aiatico-en-costa-rica","13":"product_tag-producto-oriental-en-costa-rica","15":"first","16":"instock","17":"taxable","18":"shipping-taxable","19":"purchasable","20":"product-type-simple"},"_links":{"self":[{"href":"https:\/\/www.mamading.com\/en\/wp-json\/wp\/v2\/product\/2663","targetHints":{"allow":["GET"]}}],"collection":[{"href":"https:\/\/www.mamading.com\/en\/wp-json\/wp\/v2\/product"}],"about":[{"href":"https:\/\/www.mamading.com\/en\/wp-json\/wp\/v2\/types\/product"}],"version-history":[{"count":3,"href":"https:\/\/www.mamading.com\/en\/wp-json\/wp\/v2\/product\/2663\/revisions"}],"predecessor-version":[{"id":3707,"href":"https:\/\/www.mamading.com\/en\/wp-json\/wp\/v2\/product\/2663\/revisions\/3707"}],"wp:featuredmedia":[{"embeddable":true,"href":"https:\/\/www.mamading.com\/en\/wp-json\/wp\/v2\/media\/3708"}],"wp:attachment":[{"href":"https:\/\/www.mamading.com\/en\/wp-json\/wp\/v2\/media?parent=2663"}],"wp:term":[{"taxonomy":"product_brand","embeddable":true,"href":"https:\/\/www.mamading.com\/en\/wp-json\/wp\/v2\/product_brand?post=2663"},{"taxonomy":"product_cat","embeddable":true,"href":"https:\/\/www.mamading.com\/en\/wp-json\/wp\/v2\/product_cat?post=2663"},{"taxonomy":"product_tag","embeddable":true,"href":"https:\/\/www.mamading.com\/en\/wp-json\/wp\/v2\/product_tag?post=2663"}],"curies":[{"name":"wp","href":"https:\/\/api.w.org\/{rel}","templated":true}]}}