{"id":2860,"date":"2021-07-31T16:05:24","date_gmt":"2021-07-31T22:05:24","guid":{"rendered":"http:\/\/www.mamading.com\/?post_type=product&#038;p=2860"},"modified":"2021-09-06T09:27:21","modified_gmt":"2021-09-06T15:27:21","slug":"tazas-para-te-set-de-6-unidades","status":"publish","type":"product","link":"https:\/\/www.mamading.com\/en\/product\/tazas-para-te-set-de-6-unidades\/","title":{"rendered":"Tea Cups - Set of 6 units"},"content":{"rendered":"<p><em><span style=\"font-weight: 400;\">Set of 6 Traditional Japanese Ceramic Teacups with a Cherry Blossom Motif<\/span><\/em><\/p>\n<p><em><span style=\"font-weight: 400;\">Simple elegance<\/span><\/em><\/p>\n<p><em><span style=\"font-weight: 400;\">Your Premium loose leaf green tea will taste better with this cup.<\/span><\/em><\/p>\n<p><em><span style=\"font-weight: 400;\">Dishwasher safe<\/span><\/em><\/p>\n<p><em><span style=\"font-weight: 400;\">Japanese Product<\/span><\/em><\/p>","protected":false},"excerpt":{"rendered":"<p>Set de 6 tazas de t\u00e9 tradicional japonesa de cer\u00e1mica con un motivo de Cherry Blossom Elegancia simple Su t\u00e9 verde Premium de hojas sueltas sabr\u00e1 mejor con esta taza. Aptas para el lavavajillas Producto Japon<\/p>","protected":false},"featured_media":3502,"template":"","meta":[],"product_brand":[],"product_cat":[556],"product_tag":[513,514,222,211,515],"class_list":{"0":"post-2860","1":"product","2":"type-product","3":"status-publish","4":"has-post-thumbnail","6":"product_cat-utensilios","7":"product_tag-ceramica","8":"product_tag-cuatro-tazas-tradicional","9":"product_tag-producto-asiatico-en-costa-rica","10":"product_tag-producto-oriental-en-costa-rica","11":"product_tag-set-de-tazas","13":"first","14":"instock","15":"taxable","16":"shipping-taxable","17":"purchasable","18":"product-type-simple"},"_links":{"self":[{"href":"https:\/\/www.mamading.com\/en\/wp-json\/wp\/v2\/product\/2860","targetHints":{"allow":["GET"]}}],"collection":[{"href":"https:\/\/www.mamading.com\/en\/wp-json\/wp\/v2\/product"}],"about":[{"href":"https:\/\/www.mamading.com\/en\/wp-json\/wp\/v2\/types\/product"}],"version-history":[{"count":5,"href":"https:\/\/www.mamading.com\/en\/wp-json\/wp\/v2\/product\/2860\/revisions"}],"predecessor-version":[{"id":3501,"href":"https:\/\/www.mamading.com\/en\/wp-json\/wp\/v2\/product\/2860\/revisions\/3501"}],"wp:featuredmedia":[{"embeddable":true,"href":"https:\/\/www.mamading.com\/en\/wp-json\/wp\/v2\/media\/3502"}],"wp:attachment":[{"href":"https:\/\/www.mamading.com\/en\/wp-json\/wp\/v2\/media?parent=2860"}],"wp:term":[{"taxonomy":"product_brand","embeddable":true,"href":"https:\/\/www.mamading.com\/en\/wp-json\/wp\/v2\/product_brand?post=2860"},{"taxonomy":"product_cat","embeddable":true,"href":"https:\/\/www.mamading.com\/en\/wp-json\/wp\/v2\/product_cat?post=2860"},{"taxonomy":"product_tag","embeddable":true,"href":"https:\/\/www.mamading.com\/en\/wp-json\/wp\/v2\/product_tag?post=2860"}],"curies":[{"name":"wp","href":"https:\/\/api.w.org\/{rel}","templated":true}]}}