{"id":3666,"date":"2022-08-06T22:43:59","date_gmt":"2022-08-07T04:43:59","guid":{"rendered":"https:\/\/www.mamading.com\/?post_type=product&#038;p=3666"},"modified":"2025-05-27T11:16:15","modified_gmt":"2025-05-27T17:16:15","slug":"concentrado-para-ramen-pollo-tonkotsu-1000ml","status":"publish","type":"product","link":"https:\/\/www.mamading.com\/en\/product\/concentrado-para-ramen-pollo-tonkotsu-1000ml\/","title":{"rendered":"Concentrado para Ramen Pollo Tonkotsu &#8211; 1000ml"},"content":{"rendered":"<p>Base de sopa pollo tonkotsu concentrada para ramen de estilo japon\u00e9s<\/p>\n<p>Mejora el sabor de la sopa, a\u00f1ade m\u00e1s concentrado de sopa de ramen seg\u00fan tus preferencias<\/p>\n<p>Agitar bien antes de usar<\/p>\n<p>Refrigerar despu\u00e9s de abrirlo<\/p>","protected":false},"excerpt":{"rendered":"<p>Base de sopa pollo tonkotsu concentrada para ramen de estilo japon\u00e9s Mejora el sabor de la sopa, a\u00f1ade m\u00e1s concentrado de sopa de ramen seg\u00fan tus preferencias Agitar bien antes de usar Refrigerar despu\u00e9s de abrirlo<\/p>","protected":false},"featured_media":3667,"template":"","meta":[],"product_brand":[],"product_cat":[550],"product_tag":[],"class_list":{"0":"post-3666","1":"product","2":"type-product","3":"status-publish","4":"has-post-thumbnail","6":"product_cat-condimentos","8":"first","9":"outofstock","10":"taxable","11":"shipping-taxable","12":"purchasable","13":"product-type-simple"},"_links":{"self":[{"href":"https:\/\/www.mamading.com\/en\/wp-json\/wp\/v2\/product\/3666","targetHints":{"allow":["GET"]}}],"collection":[{"href":"https:\/\/www.mamading.com\/en\/wp-json\/wp\/v2\/product"}],"about":[{"href":"https:\/\/www.mamading.com\/en\/wp-json\/wp\/v2\/types\/product"}],"version-history":[{"count":2,"href":"https:\/\/www.mamading.com\/en\/wp-json\/wp\/v2\/product\/3666\/revisions"}],"predecessor-version":[{"id":3908,"href":"https:\/\/www.mamading.com\/en\/wp-json\/wp\/v2\/product\/3666\/revisions\/3908"}],"wp:featuredmedia":[{"embeddable":true,"href":"https:\/\/www.mamading.com\/en\/wp-json\/wp\/v2\/media\/3667"}],"wp:attachment":[{"href":"https:\/\/www.mamading.com\/en\/wp-json\/wp\/v2\/media?parent=3666"}],"wp:term":[{"taxonomy":"product_brand","embeddable":true,"href":"https:\/\/www.mamading.com\/en\/wp-json\/wp\/v2\/product_brand?post=3666"},{"taxonomy":"product_cat","embeddable":true,"href":"https:\/\/www.mamading.com\/en\/wp-json\/wp\/v2\/product_cat?post=3666"},{"taxonomy":"product_tag","embeddable":true,"href":"https:\/\/www.mamading.com\/en\/wp-json\/wp\/v2\/product_tag?post=3666"}],"curies":[{"name":"wp","href":"https:\/\/api.w.org\/{rel}","templated":true}]}}