{"id":3785,"date":"2022-11-23T19:46:05","date_gmt":"2022-11-24T01:46:05","guid":{"rendered":"https:\/\/www.mamading.com\/?post_type=product&#038;p=3785"},"modified":"2022-11-23T21:38:10","modified_gmt":"2022-11-24T03:38:10","slug":"shochikubai-shirakabegura-mio-gold-sake-japones-espumoso-750ml","status":"publish","type":"product","link":"https:\/\/www.mamading.com\/en\/product\/shochikubai-shirakabegura-mio-gold-sake-japones-espumoso-750ml\/","title":{"rendered":"Shochikubai Shirakabegura Mio Gold Sake Japon\u00e9s Espumoso -750ml"},"content":{"rendered":"<p>Edicion limitada<\/p>\n<p>Lujoso, hermoso brillo con copos de oro<\/p>\n<p>Temporada de fiestas navide\u00f1as y de fin de a\u00f1o<\/p>\n<p>Contiene 5% de alcohol<\/p>\n<p>Disfr\u00fatalo\u00a0fr\u00edo<\/p>","protected":false},"excerpt":{"rendered":"<p>Edicion limitada Lujoso, hermoso brillo con copos de oro Temporada de fiestas navide\u00f1as y de fin de a\u00f1o Contiene 5% de alcohol Disfr\u00fatalo\u00a0fr\u00edo<\/p>","protected":false},"featured_media":3786,"template":"","meta":[],"product_brand":[],"product_cat":[560],"product_tag":[],"class_list":{"0":"post-3785","1":"product","2":"type-product","3":"status-publish","4":"has-post-thumbnail","6":"product_cat-bebidas-con-alcohol","8":"first","9":"instock","10":"taxable","11":"shipping-taxable","12":"purchasable","13":"product-type-simple"},"_links":{"self":[{"href":"https:\/\/www.mamading.com\/en\/wp-json\/wp\/v2\/product\/3785","targetHints":{"allow":["GET"]}}],"collection":[{"href":"https:\/\/www.mamading.com\/en\/wp-json\/wp\/v2\/product"}],"about":[{"href":"https:\/\/www.mamading.com\/en\/wp-json\/wp\/v2\/types\/product"}],"version-history":[{"count":2,"href":"https:\/\/www.mamading.com\/en\/wp-json\/wp\/v2\/product\/3785\/revisions"}],"predecessor-version":[{"id":3788,"href":"https:\/\/www.mamading.com\/en\/wp-json\/wp\/v2\/product\/3785\/revisions\/3788"}],"wp:featuredmedia":[{"embeddable":true,"href":"https:\/\/www.mamading.com\/en\/wp-json\/wp\/v2\/media\/3786"}],"wp:attachment":[{"href":"https:\/\/www.mamading.com\/en\/wp-json\/wp\/v2\/media?parent=3785"}],"wp:term":[{"taxonomy":"product_brand","embeddable":true,"href":"https:\/\/www.mamading.com\/en\/wp-json\/wp\/v2\/product_brand?post=3785"},{"taxonomy":"product_cat","embeddable":true,"href":"https:\/\/www.mamading.com\/en\/wp-json\/wp\/v2\/product_cat?post=3785"},{"taxonomy":"product_tag","embeddable":true,"href":"https:\/\/www.mamading.com\/en\/wp-json\/wp\/v2\/product_tag?post=3785"}],"curies":[{"name":"wp","href":"https:\/\/api.w.org\/{rel}","templated":true}]}}