{"id":3,"date":"2020-08-10T08:56:12","date_gmt":"2020-08-10T08:56:12","guid":{"rendered":"https:\/\/demo2wpopal.b-cdn.net\/freshio\/?page_id=3"},"modified":"2021-08-02T03:01:44","modified_gmt":"2021-08-02T09:01:44","slug":"privacy-policy","status":"publish","type":"page","link":"https:\/\/www.mamading.com\/zh\/privacy-policy\/","title":{"rendered":"\u4f7f\u7528\u6761\u6b3e\u53ca\u6761\u4ef6"},"content":{"rendered":"<p><strong>\u4e00\u822c\u4fe1\u606f<\/strong><\/p>\n<p>MAMADING \u662f\u4e00\u5bb6\u865a\u62df\u5546\u5e97\uff0c\u662f\u4e00\u5bb6\u54e5\u65af\u8fbe\u9ece\u52a0\u516c\u53f8\uff0c\u5df2\u5728\u56fd\u5bb6\u767b\u8bb0\u5904\u6cd5\u4eba\u767b\u8bb0\u5904\u6b63\u5f0f\u6ce8\u518c\uff0c\u6807\u8bc6\u53f7\u4e3a 3-102-090836\u3002<\/p>\n<p>MAMADING \u54c1\u724c\u53ca\u5176\u5fbd\u6807\u5df2\u5728\u54e5\u65af\u8fbe\u9ece\u52a0\u56fd\u5bb6\u6ce8\u518c\u5904\u7684\u77e5\u8bc6\u4ea7\u6743\u6ce8\u518c\u5904\u6b63\u5f0f\u6ce8\u518c\u3002<\/p>\n<p>MAMADING \u4e3a 18 \u5c81\u53ca\u4ee5\u4e0a\u7684\u4eba\u63d0\u4f9b\u670d\u52a1\u3002<\/p>\n<p>\u4efb\u4f55\u4e0d\u63a5\u53d7\u8fd9\u4e9b\u5177\u6709\u7ea6\u675f\u529b\u7684\u4e00\u822c\u6761\u6b3e\u548c\u6761\u4ef6\u7684\u4eba\u90fd\u5fc5\u987b\u907f\u514d\u4f7f\u7528\u672c\u7f51\u7ad9\u548c\/\u6216\u670d\u52a1\u3002\u00a0\u00a0<\/p>\n<p><strong>\u4e0eMAMADING\u7b7e\u8ba2\u5408\u540c<\/strong><\/p>\n<p>\u901a\u8fc7\u672c\u7f51\u7ad9\uff0c\u53ef\u4ee5\u6b63\u5f0f\u8ba2\u7acb\u5546\u4e1a\u548c\u7535\u5b50\u670d\u52a1\u5408\u540c\uff0c\u65e8\u5728\u8d2d\u4e70\u548c\u9500\u552e\u7531MAMADING\u63d0\u4f9b\u5e76\u5e94\u5ba2\u6237\u8981\u6c42\u7684\u4e1c\u65b9\u4ea7\u54c1\uff0c\u8be5\u5408\u540c\u53d7\u672c\u8282\u89c4\u5b9a\u7684\u6761\u6b3e\u548c\u6761\u4ef6\u7684\u7ea6\u675f\uff0c\u5e76\u53d7\u9002\u7528\u6cd5\u5f8b\u7684\u7ea6\u675f\u3002\u89c4\u5b9a\u3002<\/p>\n<p>\u901a\u8fc7 MAMADING \u7f51\u7ad9\uff0c\u5ba2\u6237\u53ef\u4ee5\u8bbf\u95ee\u4ee5\u4e0b\u670d\u52a1\uff1a<\/p>\n<p>\u54a8\u8be2MAMADING\u63d0\u4f9b\u7684\u4e0d\u540c\u4ea7\u54c1\uff0c\u4ee5\u53ca\u6bcf\u79cd\u4ea7\u54c1\u7684\u4ef7\u683c<\/p>\n<p>\u7f51\u4e0a\u8ba2\u8d2d<\/p>\n<p>\u901a\u8fc7\u201c\u5e38\u89c1\u95ee\u9898\u201d\u9009\u9879\u5361\u758f\u6563\u7591\u8651<\/p>\n<p>\u901a\u8fc7\u8054\u7cfb\u8868\u683c\u8054\u7cfbMAMADING<\/p>\n<p><strong>\u670d\u52a1\u63d0\u4f9b\u65f6\u95f4\u8868<\/strong><\/p>\n<p>\u901a\u8fc7\u6b64\u9875\u9762\u7684\u8ba2\u5355\u53ef\u4ee5\u6bcf\u5468 7 \u5929\u3001\u6bcf\u5929 24 \u5c0f\u65f6\u8fdb\u884c\uff0c\u5e76\u5c06\u5728 MAMADING \u5458\u5de5\u7684\u6b63\u5e38\u5de5\u4f5c\u65f6\u95f4\u5185\u8fdb\u884c\u3002<\/p>\n<p><strong>\u6d3e\u9001\u533a\u57df<\/strong><\/p>\n<p>\u5728\u4e0b\u8ba2\u5355\u4e4b\u524d\uff0c\u5ba2\u6237\u5fc5\u987b\u9a8c\u8bc1\u9001\u8d27\u5730\u5740\u662f\u5426\u5728\u6388\u6743\u533a\u57df\u5185\u3002\u5982\u679c\u6536\u8d27\u5730\u5740\u4e0d\u5728\u6388\u6743\u8303\u56f4\u5185\uff0cMAMADING \u53ef\u4ee5\u62d2\u7edd\u8ba2\u5355\uff0c\u5e76\u5c06\u6839\u636e\u4e2d\u95f4\u91d1\u878d\u673a\u6784\u7684\u653f\u7b56\u9000\u8fd8\u5df2\u6536\u5230\u7684\u4ed8\u6b3e\uff0c\u5e76\u6263\u9664\u4ea4\u6613\u6240\u6d89\u53ca\u7684\u8d39\u7528\u3002<\/p>\n<p><strong>\u4ef7\u683c<\/strong><\/p>\n<p>\u5c06\u5411\u5ba2\u6237\u6536\u53d6\u7684\u4ef7\u683c\u662f\u8ba2\u5355\u4e2d\u663e\u793a\u7684\u4ef7\u683c\u3002\u5982\u679c\u4ef7\u683c\u968f\u4ea7\u54c1\u4ea4\u4ed8\u4e4b\u65e5\u7684\u4e0d\u540c\u800c\u6709\u6240\u4e0d\u540c\uff0c\u5219\u5ba2\u6237\u5c06\u7406\u89e3\uff0c\u4ee5\u6267\u884c\u8ba2\u5355\u4e4b\u65e5\u7684\u4ef7\u683c\u548c\u4ece\u5176\u501f\u8bb0\u5361\u6216\u4fe1\u7528\u5361\u4e2d\u6536\u53d6\u7684\u8d39\u7528\u4e3a\u51c6\u3002\u62a5\u9500\u671f\u9650\u5c06\u7531\u5145\u5f53\u652f\u4ed8\u7f51\u5173\u7684\u91d1\u878d\u673a\u6784\u7684\u653f\u7b56\u51b3\u5b9a\u3002<\/p>\n<p><strong>\u652f\u4ed8<\/strong><\/p>\n<p>\u6240\u6709\u8ba2\u5355\u5fc5\u987b\u5728\u4ea4\u4ed8\u524d\u901a\u8fc7\u7f51\u7ad9\u4e0a\u63d0\u4f9b\u7684\u7535\u5b50\u652f\u4ed8\u5e73\u53f0\u5168\u989d\u652f\u4ed8\u3002\u901a\u8fc7\u7f51\u7ad9\u4ed8\u6b3e\u53ea\u80fd\u901a\u8fc7 Sinpe M\u00f3vil \u6216\u94f6\u884c\u8f6c\u8d26<\/p>\n<p><strong>\u5173\u4e8e\u7f51\u7ad9\u5c55\u793a\u7684\u4ea7\u54c1\u5916\u89c2<\/strong><\/p>\n<p>MAMADING \u7f51\u7ad9\u4e0a\u663e\u793a\u7684\u4ea7\u54c1\u56fe\u7247\u662f\u8bf4\u660e\u6027\u7684\uff0c\u5ba2\u6237\u7406\u89e3\u5728\u8ba2\u8d2d\u6216\u8d2d\u4e70\u4ea7\u54c1\u65f6\uff0c\u53ef\u80fd\u5b58\u5728\u4ea7\u54c1\u3001\u54c1\u724c\u3001\u98ce\u5473\u3001\u91cd\u91cf\u6216\u5c3a\u5bf8\u7684\u95ee\u9898\uff0c\u5982\u679c\u662f\u8fdb\u53e3\u4ea7\u54c1\uff0c\u5305\u88c5\u7684\u66f4\u6539\u6216\u56fe\u50cf\u5b8c\u5168\u7531\u5236\u9020\u5546\u63d0\u4f9b\uff0c\u56fe\u50cf\u5e76\u4e0d\u603b\u662f\u60a8\u5c06\u6536\u5230\u7684\u4ea7\u54c1\u7684\u5fe0\u5b9e\u4ee3\u8868\u3002<\/p>\n<p><strong>\u4ea4\u8d27\u671f<\/strong><\/p>\n<p>\u8ba2\u5355\u5c06\u5728\u786e\u8ba4\u4ed8\u6b3e\u540e\u7684 2-3 \u5929\u5185\u4ee5\u5ba2\u6237\u9009\u62e9\u7684\u65b9\u5f0f\u4ea4\u4ed8\u3002\u4ea4\u8d27\u65f6\u95f4\u5c06\u6709\u4e00\u4e2a\u6b63\/\u8d1f 8 \u5c0f\u65f6\u7684\u8303\u56f4\uff0c\u5e94\u7406\u89e3\u4e3a\u5ba2\u6237\u540c\u610f\u6709\u7a7a\u6216\u5728\u8be5\u65f6\u95f4\u5185\u8ba2\u8d2d\u53e6\u4e00\u4eba\u53ef\u4ee5\u63a5\u6536\u4ea7\u54c1\u3002\u5982\u56e0\u65e0\u4eba\u6536\u8d27\u800c\u65e0\u6cd5\u53d1\u8d27\uff0cMAMADING\u53ef\u80fd\u4f1a\u6536\u53d6\u7b2c\u4e8c\u6b21\u9001\u8d27\u7684\u9644\u52a0\u8d39\uff0c\u5bf9\u4e8e\u6613\u8150\u70c2\u7684\u4ea7\u54c1\uff0cMAMADING\u4e0d\u4fdd\u8bc1\u4ea7\u54c1\u8d28\u91cf\u4e0d\u4f1a\u5728\u6b64\u8fc7\u7a0b\u4e2d\u53d8\u8d28\u65f6\u95f4\u548c\u5904\u7406\u3002\u5982\u679c\u4ea7\u54c1\u56e0\u5ba2\u6237\u539f\u56e0\u65e0\u6cd5\u4ea4\u4ed8\u800c\u4e22\u5931\uff0c\u5df2\u652f\u4ed8\u7684\u4ef7\u683c\u5c06\u4e0d\u4e88\u9000\u8fd8\u3002\u5982\u679c\u5ba2\u6237\u672a\u6307\u660e\u4ea4\u4ed8\u8ba2\u5355\u7684\u65f6\u95f4\u8303\u56f4\uff0c\u5219\u53ef\u4ee5\u7406\u89e3\uff0c\u5728\u540c\u4e00\u90e8\u5206\u6307\u660e\u7684\u4ea4\u4ed8\u671f\u9650\u5185\uff0c\u5c06\u59cb\u7ec8\u6709\u4eba\u53ef\u4ee5\u63a5\u6536\u8ba2\u5355\u3002<\/p>\n<p>MAMADING \u52aa\u529b\u6ee1\u8db3\u5ba2\u6237\u7684\u8981\u6c42\u3002\u4f46\u662f\uff0c\u5f53\u4ea7\u54c1\u5e93\u5b58\u4e0d\u8db3\u4ee5\u6839\u636e\u6536\u5230\u8ba2\u5355\u7684\u4f18\u5148\u987a\u5e8f\u4f9b\u5e94\u8ba2\u5355\u65f6\uff0c\u5b83\u4fdd\u7559\u62d2\u7edd\u8ba2\u5355\u7684\u6743\u5229\u3002<\/p>\n<p>\u8fd0\u8d39\u5c06\u4ee5\u672c\u56fd\u8d27\u5e01\uff08\u5192\u53f7\uff09\u8ba1\u7b97\uff0c\u9644\u52a0\u5728\u4ea7\u54c1\u4ef7\u683c\u4e4b\u5916\uff0c\u5e76\u5c06\u6839\u636e\u8d39\u7387\u8868\u8ba1\u7b97\uff08\u53ef\u80fd\u4f1a\u53d1\u751f\u53d8\u5316\uff09\u3002\u00a0<\/p>\n<p>\u5bf9\u4e8e GAM \u4e4b\u5916\u7684\u8ba2\u5355\uff0c\u5c06\u4e0e\u5ba2\u6237\u534f\u8c03\u8fd0\u8f93\u65b9\u5f0f\u3002 MAMADING \u4e0d\u5bf9\u4ea7\u54c1\u4ea4\u4ed8\u7ed9\u7b2c\u4e09\u65b9\u540e\u76f4\u81f3\u6700\u7ec8\u76ee\u7684\u5730\u7684\u5ef6\u8bef\u6216\u5904\u7406\u4e0d\u5f53\u8d1f\u8d23\u3002\u00a0<\/p>\n<p><strong>\u8ba2\u5355\u5ba1\u6838<\/strong><\/p>\n<p>\u5ba2\u6237\u5fc5\u987b\u5728\u4ea4\u4ed8\u65f6\u68c0\u67e5\u4ea7\u54c1\uff0c\u786e\u8ba4\u5176\u6ee1\u610f\u3002\u5982\u679c\u5ba2\u6237\u4e0d\u5728\u4ea4\u8d27\u5730\u70b9\uff0c\u5c06\u7406\u89e3\u4e3a\u63a5\u6536\u8ba2\u5355\u7684\u4eba\u662f\u7531\u5ba2\u6237\u6388\u6743\u63a5\u6536\u548c\u5ba1\u67e5\u4ea7\u54c1\u7684\u3002\u4efb\u4f55\u7d22\u8d54\u5fc5\u987b\u5728\u4ea4\u8d27\u65f6\u6216\u6700\u8fdf\u5728\u4ea4\u8d27\u540e 1 \u5929\u5185\u63d0\u51fa\u3002\u4e3a\u6b64\uff0c\u5ba2\u6237\u5fc5\u987b\u9075\u5faa\u4e0b\u8ff0\u9000\u8d27\u548c\u6362\u8d27\u653f\u7b56\u4e2d\u6307\u660e\u7684\u51c6\u5219\u3002<\/p>\n<p><strong>\u53d6\u6d88\u3001\u9000\u8d27\u3001\u6362\u8d27\u548c\u9000\u6b3e\u653f\u7b56<\/strong><\/p>\n<p>\u5ba2\u6237\u53ef\u5728\u4e0b\u5355\u540e3\u5c0f\u65f6\u5185\u53d6\u6d88\u8ba2\u5355\u3002\u5728\u8fd9\u79cd\u60c5\u51b5\u4e0b\uff0cMAMADING \u5c06\u9000\u8fd8\u6b3e\u9879\uff0c\u5e76\u53ef\u80fd\u6263\u9664\u4e0e\u5145\u5f53\u652f\u4ed8\u7f51\u5173\u7684\u5b9e\u4f53\u6240\u5e94\u7528\u7684\u4ea4\u6613\u76f8\u5173\u7684\u8d39\u7528\u3002\u6216\u8005\uff0c\u5ba2\u6237\u53ef\u4ee5\u8bf7\u6c42\u9002\u7528\u4e8e\u540e\u7eed\u8ba2\u5355\u7684\u8d37\u9879\u901a\u77e5\u5355\u3002<\/p>\n<p>MAMADING \u6839\u636e\u4ea7\u54c1\u7684\u6027\u8d28\u4fdd\u8bc1\u4ea7\u54c1\u7684\u8d28\u91cf\uff0c\u5bf9\u4e8e\u6613\u8150\u70c2\u7684\u4ea7\u54c1\uff0c\u5fc5\u987b\u5728\u6536\u5230\u8ba2\u5355\u65f6\u5b8c\u6210\uff0c\u5728\u7279\u6b8a\u60c5\u51b5\u4e0b\uff0c\u5728 1 \u5929\u5185\u5b8c\u6210\u3002<\/p>\n<p>\u9000\u8d27\u5fc5\u987b\u8bf4\u660e\u7406\u7531\u3002\u5982\u679c\u662f\u5728\u53d1\u8d27\u7684\u65f6\u5019\u505a\u7684\uff0c\u627f\u8fd0\u4eba\u4f1a\u8981\u6c42\u4f60\u62cd\u7167\u7247\u8bc1\u660e\uff0c\u7a81\u51fa\u663e\u793a\u9000\u8d27\u539f\u56e0\u7684\u8bc1\u660e\u3002\u627f\u8fd0\u4eba\u5c06\u901a\u77e5\u76f8\u5e94\u4eba\u5458\u9000\u8d27\uff0cMAMADING \u5c06\u8054\u7cfb\u53d7\u5f71\u54cd\u7684\u5ba2\u6237\u89e3\u51b3\u95ee\u9898\u3002\u5982\u679c\u5728\u4ea4\u8d27\u540e\u901a\u77e5\u9000\u8d27\uff0c\u5219\u5fc5\u987b\u5411 MAMADING \u8054\u7cfb\u7535\u5b50\u90ae\u4ef6\u53d1\u9001\u4e00\u5c01\u7535\u5b50\u90ae\u4ef6\uff0c\u544a\u77e5\u9000\u8d27\u539f\u56e0\uff1a <em>servicioalcliente@mamading.com<\/em>\u00a0<\/p>\n<p>MAMADING \u5c06\u8bc4\u4f30\u7d22\u8d54\uff0c\u5982\u679c\u9000\u8d27\u5408\u9002\uff0c\u5c06\u5728\u63a5\u4e0b\u6765\u7684 72 \u5c0f\u65f6\u5185\u66f4\u6362\u4ea7\u54c1\uff0c\u6216\u8005\u5728\u4ea7\u54c1\u7f3a\u8d27\u7684\u60c5\u51b5\u4e0b\u4ee5\u6536\u5230\u4ed8\u6b3e\u7684\u76f8\u540c\u65b9\u5f0f\u5c06\u6b3e\u9879\u9000\u8fd8\u7ed9\u5ba2\u6237.<\/p>\n<p><strong>\u00a0\u5173\u6ce8\u4e8b\u4ef6<\/strong><\/p>\n<p>\u4e8b\u4ef6\u7684\u5173\u6ce8\u5c06\u901a\u8fc7\u7535\u8bdd+506 6056-6052\u6216\u7535\u5b50\u90ae\u4ef6\u7684\u65b9\u5f0f\u8fdb\u884c <em>servicioalcliente@mamading.com<\/em> \u4ece\u4e0a\u5348 9 \u70b9\u5230\u4e0b\u5348 3 \u70b9<\/p>\n<p>\u54cd\u5e94\u65f6\u95f4\u4e0d\u4f1a\u8d85\u8fc72\u5929\u3002<\/p>\n<p><strong>\u00a0\u4e2a\u4eba\u8d44\u6599\u4fdd\u62a4<\/strong><\/p>\n<p>MAMADING \u662f\u4e00\u5bb6\u81f4\u529b\u4e8e\u4fdd\u62a4\u548c\u4fdd\u5bc6\u5176\u5ba2\u6237\u4e2a\u4eba\u6570\u636e\u7684\u516c\u53f8\uff0c\u56e0\u6b64\u6211\u4eec\u4e0d\u8981\u6c42\u3001\u4e0d\u5904\u7406\u3001\u4e5f\u4e0d\u5171\u4eab\u548c\/\u6216\u5b58\u50a8\u5ba2\u6237\u7684\u94f6\u884c\u6570\u636e\uff0c\u56e0\u6b64\u53ef\u4ee5\u7406\u89e3\uff0c\u8fd9\u4e9b\u6570\u636e\u4e5f\u4e0d\u4f1a\u8f6c\u79fb\u5230\u7b2c\u4e09\u3002<\/p>\n<p>\u8981\u5728\u7ebf\u8ba2\u8d2d\uff0c\u5ba2\u6237\u5fc5\u987b\u63d0\u4f9b\u5f3a\u5236\u6027\u7684\u4e2a\u4eba\u6570\u636e\u3002\u5ba2\u6237\u6709\u4e49\u52a1\u63d0\u4f9b\u51c6\u786e\u3001\u771f\u5b9e\u548c\u6700\u65b0\u7684\u6570\u636e\uff0c\u5426\u5219\u5408\u540c\u65e0\u6cd5\u6b63\u5f0f\u5316\u3002<\/p>\n<p>\u4e2a\u4eba\u6570\u636e\u53ef\u80fd\u4f1a\u5408\u5e76\u5230 MAMADING \u62e5\u6709\u7684\u6570\u636e\u5e93\u4e2d\uff0c\u4ee5\u4fbf\u7ba1\u7406\u60a8\u7684\u8ba2\u5355\u5e76\u544a\u77e5\u4ea7\u54c1\u3001\u670d\u52a1\u6216\u5e73\u53f0\u66f4\u65b0\uff0c\u4ee5\u63d0\u4f9b\u4e2a\u6027\u5316\u7684\u6cbb\u7597\u3002\u901a\u8fc7\u7b7e\u8ba2\u672c\u5408\u540c\uff0c\u5ba2\u6237\u5c31\u5904\u7406\u5176\u4e2a\u4eba\u6570\u636e\u53d1\u51fa\u77e5\u60c5\u540c\u610f\u4e66\u3002<\/p>\n<p>\u6839\u636e\u7b2c 8968 \u53f7\u6cd5\u300a\u4fdd\u62a4\u4e2a\u4eba\u6570\u636e\u514d\u906d\u5904\u7406\u6cd5\u300b\u7684\u89c4\u5b9a\uff0c\u5ba2\u6237\u53ef\u4ee5\u901a\u8fc7\u4ee5\u4e0b\u65b9\u5f0f\u4ee5\u4e66\u9762\u5f62\u5f0f\u5411 MAMADING \u53d1\u9001\u8bbf\u95ee\u3001\u66f4\u6b63\u3001\u53d6\u6d88\u548c\u53cd\u5bf9\u5176\u6570\u636e\u7684\u6743\u5229\u6765\u81ea\u7535\u5b50\u90ae\u4ef6\u7684\u65b9\u5f0f <em>servicioalcliente@mamading.com<\/em><\/p>","protected":false},"excerpt":{"rendered":"<p>Informaci\u00f3n General MAMADING es una tienda virtual, sociedad costarricense debidamente inscrita en el Registro de Personas Jur\u00eddicas del Registro Nacional, con c\u00e9dula de persona jur\u00eddica n\u00famero 3-102-090836. La marca MAMADING as\u00ed como su logotipo se encuentran debidamente inscritos ante el Registro de Propiedad Intelectual del Registro Nacional de Costa Rica. MAMADING ofrece el servicio a [&hellip;]<\/p>","protected":false},"author":4,"featured_media":0,"parent":0,"menu_order":0,"comment_status":"closed","ping_status":"open","template":"","meta":{"footnotes":""},"class_list":["post-3","page","type-page","status-publish","hentry"],"_links":{"self":[{"href":"https:\/\/www.mamading.com\/zh\/wp-json\/wp\/v2\/pages\/3","targetHints":{"allow":["GET"]}}],"collection":[{"href":"https:\/\/www.mamading.com\/zh\/wp-json\/wp\/v2\/pages"}],"about":[{"href":"https:\/\/www.mamading.com\/zh\/wp-json\/wp\/v2\/types\/page"}],"author":[{"embeddable":true,"href":"https:\/\/www.mamading.com\/zh\/wp-json\/wp\/v2\/users\/4"}],"replies":[{"embeddable":true,"href":"https:\/\/www.mamading.com\/zh\/wp-json\/wp\/v2\/comments?post=3"}],"version-history":[{"count":1,"href":"https:\/\/www.mamading.com\/zh\/wp-json\/wp\/v2\/pages\/3\/revisions"}],"predecessor-version":[{"id":3280,"href":"https:\/\/www.mamading.com\/zh\/wp-json\/wp\/v2\/pages\/3\/revisions\/3280"}],"wp:attachment":[{"href":"https:\/\/www.mamading.com\/zh\/wp-json\/wp\/v2\/media?parent=3"}],"curies":[{"name":"wp","href":"https:\/\/api.w.org\/{rel}","templated":true}]}}