{"id":84,"date":"2020-08-10T08:56:50","date_gmt":"2020-08-10T14:56:50","guid":{"rendered":"https:\/\/demo2wpopal.b-cdn.net\/freshio\/faq\/"},"modified":"2023-05-24T21:50:52","modified_gmt":"2023-05-25T03:50:52","slug":"faqs","status":"publish","type":"page","link":"https:\/\/www.mamading.com\/zh\/faqs\/","title":{"rendered":"\u5e38\u89c1\u95ee\u9898"},"content":{"rendered":"<div data-elementor-type=\"wp-page\" data-elementor-id=\"84\" class=\"elementor elementor-84\" data-elementor-post-type=\"page\">\n\t\t\t\t\t\t<div class=\"elementor-section elementor-top-section elementor-element elementor-element-d985c3a elementor-section-stretched elementor-section-boxed elementor-section-height-default elementor-section-height-default\" data-id=\"d985c3a\" data-element_type=\"section\" data-settings=\"{&quot;stretch_section&quot;:&quot;section-stretched&quot;}\">\n\t\t\t\t\t\t<div class=\"elementor-container elementor-column-gap-no\">\n\t\t\t\t\t<div class=\"elementor-column elementor-col-50 elementor-top-column elementor-element elementor-element-0421d49 elementor-hidden-tablet elementor-hidden-phone\" data-id=\"0421d49\" data-element_type=\"column\">\n\t\t\t<div class=\"elementor-widget-wrap elementor-element-populated\">\n\t\t\t\t\t\t<div class=\"elementor-element elementor-element-b6bb715 elementor-widget elementor-widget-image\" data-id=\"b6bb715\" data-element_type=\"widget\" data-widget_type=\"image.default\">\n\t\t\t\t<div class=\"elementor-widget-container\">\n\t\t\t\t\t\t\t\t\t\t\t\t\t\t\t<img fetchpriority=\"high\" decoding=\"async\" width=\"383\" height=\"383\" src=\"https:\/\/www.mamading.com\/wp-content\/uploads\/2021\/08\/Icono_FAQ.png\" class=\"attachment-large size-large wp-image-3273\" alt=\"\" srcset=\"https:\/\/www.mamading.com\/wp-content\/uploads\/2021\/08\/Icono_FAQ.png 383w, https:\/\/www.mamading.com\/wp-content\/uploads\/2021\/08\/Icono_FAQ-300x300.png 300w, https:\/\/www.mamading.com\/wp-content\/uploads\/2021\/08\/Icono_FAQ-150x150.png 150w, https:\/\/www.mamading.com\/wp-content\/uploads\/2021\/08\/Icono_FAQ-100x100.png 100w\" sizes=\"(max-width: 383px) 100vw, 383px\" \/>\t\t\t\t\t\t\t\t\t\t\t\t\t\t\t<\/div>\n\t\t\t\t<\/div>\n\t\t\t\t\t<\/div>\n\t\t<\/div>\n\t\t\t\t<div class=\"elementor-column elementor-col-50 elementor-top-column elementor-element elementor-element-335a9f4\" data-id=\"335a9f4\" data-element_type=\"column\">\n\t\t\t<div class=\"elementor-widget-wrap elementor-element-populated\">\n\t\t\t\t\t\t<div class=\"elementor-element elementor-element-7f7afd6 elementor-widget elementor-widget-accordion\" data-id=\"7f7afd6\" data-element_type=\"widget\" id=\"shipping\" data-widget_type=\"accordion.default\">\n\t\t\t\t<div class=\"elementor-widget-container\">\n\t\t\t\t\t\t\t<div class=\"elementor-accordion\">\n\t\t\t\t\t\t\t<div class=\"elementor-accordion-item\">\n\t\t\t\t\t<div id=\"elementor-tab-title-1331\" class=\"elementor-tab-title\" data-tab=\"1\" role=\"button\" aria-controls=\"elementor-tab-content-1331\" aria-expanded=\"false\">\n\t\t\t\t\t\t\t\t\t\t\t\t\t<span class=\"elementor-accordion-icon elementor-accordion-icon-left\" aria-hidden=\"true\">\n\t\t\t\t\t\t\t\t\t\t\t\t\t\t\t<span class=\"elementor-accordion-icon-closed\"><i class=\"freshio-icon- freshio-icon-plus-circle\"><\/i><\/span>\n\t\t\t\t\t\t\t\t<span class=\"elementor-accordion-icon-opened\"><i class=\"freshio-icon- freshio-icon-minus-circle\"><\/i><\/span>\n\t\t\t\t\t\t\t\t\t\t\t\t\t\t<\/span>\n\t\t\t\t\t\t\t\t\t\t\t\t<a class=\"elementor-accordion-title\" tabindex=\"0\">\u54ea\u91cc\u53ef\u4ee5\u4e70\u5230\u4ea7\u54c1\uff1f<\/a>\n\t\t\t\t\t<\/div>\n\t\t\t\t\t<div id=\"elementor-tab-content-1331\" class=\"elementor-tab-content elementor-clearfix\" data-tab=\"1\" role=\"region\" aria-labelledby=\"elementor-tab-title-1331\"><p>\u6211\u4eec\u6ca1\u6709\u9762\u5411\u6d88\u8d39\u8005\u7684\u9500\u552e\u70b9\u3002\u4ea7\u54c1\u53ef\u901a\u8fc7\u6211\u4eec\u7684\u7f51\u7ad9\u6216\u6388\u6743\u9500\u552e\u70b9\u8d2d\u4e70\u3002<\/p><\/div>\n\t\t\t\t<\/div>\n\t\t\t\t\t\t\t<div class=\"elementor-accordion-item\">\n\t\t\t\t\t<div id=\"elementor-tab-title-1332\" class=\"elementor-tab-title\" data-tab=\"2\" role=\"button\" aria-controls=\"elementor-tab-content-1332\" aria-expanded=\"false\">\n\t\t\t\t\t\t\t\t\t\t\t\t\t<span class=\"elementor-accordion-icon elementor-accordion-icon-left\" aria-hidden=\"true\">\n\t\t\t\t\t\t\t\t\t\t\t\t\t\t\t<span class=\"elementor-accordion-icon-closed\"><i class=\"freshio-icon- freshio-icon-plus-circle\"><\/i><\/span>\n\t\t\t\t\t\t\t\t<span class=\"elementor-accordion-icon-opened\"><i class=\"freshio-icon- freshio-icon-minus-circle\"><\/i><\/span>\n\t\t\t\t\t\t\t\t\t\t\t\t\t\t<\/span>\n\t\t\t\t\t\t\t\t\t\t\t\t<a class=\"elementor-accordion-title\" tabindex=\"0\">\u8d2d\u4e70\u65f6\u6211\u53ef\u4ee5\u63a5\u53d7\u54ea\u4e9b\u4ed8\u6b3e\u65b9\u5f0f\uff1f<\/a>\n\t\t\t\t\t<\/div>\n\t\t\t\t\t<div id=\"elementor-tab-content-1332\" class=\"elementor-tab-content elementor-clearfix\" data-tab=\"2\" role=\"region\" aria-labelledby=\"elementor-tab-title-1332\"><p>\u60a8\u53ef\u4ee5\u4f7f\u7528\u94f6\u884c\u8f6c\u8d26\u6216 Sinpe M\u00f3vil<\/p><\/div>\n\t\t\t\t<\/div>\n\t\t\t\t\t\t\t<div class=\"elementor-accordion-item\">\n\t\t\t\t\t<div id=\"elementor-tab-title-1333\" class=\"elementor-tab-title\" data-tab=\"3\" role=\"button\" aria-controls=\"elementor-tab-content-1333\" aria-expanded=\"false\">\n\t\t\t\t\t\t\t\t\t\t\t\t\t<span class=\"elementor-accordion-icon elementor-accordion-icon-left\" aria-hidden=\"true\">\n\t\t\t\t\t\t\t\t\t\t\t\t\t\t\t<span class=\"elementor-accordion-icon-closed\"><i class=\"freshio-icon- freshio-icon-plus-circle\"><\/i><\/span>\n\t\t\t\t\t\t\t\t<span class=\"elementor-accordion-icon-opened\"><i class=\"freshio-icon- freshio-icon-minus-circle\"><\/i><\/span>\n\t\t\t\t\t\t\t\t\t\t\t\t\t\t<\/span>\n\t\t\t\t\t\t\t\t\t\t\t\t<a class=\"elementor-accordion-title\" tabindex=\"0\">\u4ea4\u4ed8\u6211\u7684\u4ea7\u54c1\u9700\u8981\u591a\u957f\u65f6\u95f4\uff1f<\/a>\n\t\t\t\t\t<\/div>\n\t\t\t\t\t<div id=\"elementor-tab-content-1333\" class=\"elementor-tab-content elementor-clearfix\" data-tab=\"3\" role=\"region\" aria-labelledby=\"elementor-tab-title-1333\"><p>\u4ece\u8ba2\u5355\u786e\u8ba4\u5f00\u59cb\uff0c\u6839\u636e\u9001\u8d27\u5730\u533a\u7684\u4e0d\u540c\uff0c\u4f1a\u572848-72\u4e2a\u5de5\u4f5c\u5c0f\u65f6\u5185\u9001\u8fbe\uff0c\u8fd9\u4e2a\u65f6\u95f4\u53ef\u80fd\u4f1a\u66f4\u5c11<\/p><\/div>\n\t\t\t\t<\/div>\n\t\t\t\t\t\t\t<div class=\"elementor-accordion-item\">\n\t\t\t\t\t<div id=\"elementor-tab-title-1334\" class=\"elementor-tab-title\" data-tab=\"4\" role=\"button\" aria-controls=\"elementor-tab-content-1334\" aria-expanded=\"false\">\n\t\t\t\t\t\t\t\t\t\t\t\t\t<span class=\"elementor-accordion-icon elementor-accordion-icon-left\" aria-hidden=\"true\">\n\t\t\t\t\t\t\t\t\t\t\t\t\t\t\t<span class=\"elementor-accordion-icon-closed\"><i class=\"freshio-icon- freshio-icon-plus-circle\"><\/i><\/span>\n\t\t\t\t\t\t\t\t<span class=\"elementor-accordion-icon-opened\"><i class=\"freshio-icon- freshio-icon-minus-circle\"><\/i><\/span>\n\t\t\t\t\t\t\t\t\t\t\t\t\t\t<\/span>\n\t\t\t\t\t\t\t\t\t\t\t\t<a class=\"elementor-accordion-title\" tabindex=\"0\">\u662f\u5426\u9700\u8981\u6709\u5e10\u6237\u624d\u80fd\u4e0b\u8ba2\u5355\uff1f<\/a>\n\t\t\t\t\t<\/div>\n\t\t\t\t\t<div id=\"elementor-tab-content-1334\" class=\"elementor-tab-content elementor-clearfix\" data-tab=\"4\" role=\"region\" aria-labelledby=\"elementor-tab-title-1334\"><p>\u662f\u7684\uff0c\u60a8\u7684\u6ce8\u518c\u6570\u636e\u53ef\u4ee5\u8ba9\u60a8\u5728\u4ee5\u540e\u7684\u8ba2\u5355\u4e2d\u53d7\u76ca\uff0c\u56e0\u4e3a\u5b83\u4f1a\u4fdd\u5b58\u60a8\u7684\u8ba2\u5355\u4fe1\u606f\u548c\u72ec\u7279\u7684\u9001\u8d27\u670d\u52a1 - \u4e13\u95e8\u7528\u4e8e\u6b64\u76ee\u7684\u3002\u7cfb\u7edf\u4e0d\u4f1a\u8bf7\u6c42\u6216\u4fdd\u5b58\u4efb\u4f55\u94f6\u884c\u4fe1\u606f\u3002<\/p><\/div>\n\t\t\t\t<\/div>\n\t\t\t\t\t\t\t<div class=\"elementor-accordion-item\">\n\t\t\t\t\t<div id=\"elementor-tab-title-1335\" class=\"elementor-tab-title\" data-tab=\"5\" role=\"button\" aria-controls=\"elementor-tab-content-1335\" aria-expanded=\"false\">\n\t\t\t\t\t\t\t\t\t\t\t\t\t<span class=\"elementor-accordion-icon elementor-accordion-icon-left\" aria-hidden=\"true\">\n\t\t\t\t\t\t\t\t\t\t\t\t\t\t\t<span class=\"elementor-accordion-icon-closed\"><i class=\"freshio-icon- freshio-icon-plus-circle\"><\/i><\/span>\n\t\t\t\t\t\t\t\t<span class=\"elementor-accordion-icon-opened\"><i class=\"freshio-icon- freshio-icon-minus-circle\"><\/i><\/span>\n\t\t\t\t\t\t\t\t\t\t\t\t\t\t<\/span>\n\t\t\t\t\t\t\t\t\t\t\t\t<a class=\"elementor-accordion-title\" tabindex=\"0\">\u91c7\u8d2d\u8ba2\u5355\u7684\u4ea4\u4ed8\u65b9\u5f0f\u6709\u54ea\u4e9b\uff1f<\/a>\n\t\t\t\t\t<\/div>\n\t\t\t\t\t<div id=\"elementor-tab-content-1335\" class=\"elementor-tab-content elementor-clearfix\" data-tab=\"5\" role=\"region\" aria-labelledby=\"elementor-tab-title-1335\"><p><strong>\u5e97\u5185\u53d6\u8d27<\/strong><\/p><p>\u91c7\u8d2d\u8ba2\u5355\u53ef\u4ee5\u5728\u6211\u4eec\u7684\u529e\u516c\u5ba4\u9886\u53d6\u3002\u4e3a\u6b64\uff0c\u5ba2\u6237\u5fc5\u987b\u5728\u9001\u8d27\u5355\u4e2d\u9009\u62e9\u201c\u5e97\u5185\u63d0\u8d27\u201d\u9009\u9879\uff0c\u7136\u540e\u6211\u4eec\u7684\u4e00\u4f4d\u4ee3\u8868\u5c06\u4e0e\u60a8\u8054\u7cfb\u5e76\u6307\u793a\u5728\u65f6\u95f4\u5185\u64a4\u56de\u60a8\u7684\u8ba2\u5355\u3002\u4e0e\u5f00\u8bc1\u884c\u6838\u5b9e\u4ed8\u6b3e\u4fe1\u606f\u540e\u3002<\/p><p><strong>\u00a0<\/strong><\/p><p><strong>\u9001\u8d27\u4e0a\u95e8<\/strong>\u00a0*<em>\u5e94\u7528\u9650\u5236<\/em><\/p><p>\u6839\u636e\u8ba2\u5355\u7684\u7279\u70b9\uff0c\u9001\u8d27\u4e0a\u95e8\u53ef\u80fd\u4f1a\u6709\u6240\u4e0d\u540c\uff1a<\/p><p>\u670d\u52a1\u7684\u8d39\u7528\u6839\u636e\u4ea7\u54c1\u7684\u4ea4\u8d27\u8ddd\u79bb\u800c\u6709\u6240\u4e0d\u540c\u3002<\/p><p>\u670d\u52a1\u8d39\u7528\u5fc5\u987b\u63d0\u524d\u652f\u4ed8\u3002<\/p><p>\u901a\u8fc7 Uber Flash\u3001Omni\u3001Rappi\u3001Hugo \u548c Glovo \u4ea4\u4ed8\u4ec5\u5728\u53ef\u4ea4\u4ed8\u5e94\u7528\u7a0b\u5e8f\u7684\u533a\u57df\u5185\u6709\u6548\u3002<\/p><p>\u53d6\u6d88\u6216\u4fee\u6539\u914d\u9001\u8def\u7ebf\u7684\u8d39\u7528\u7531\u7528\u6237\u627f\u62c5\u3002<\/p><p><strong>* \u6240\u6709\u8ba2\u5355\u5fc5\u987b\u5728\u4ea4\u4ed8\u524d\u5168\u989d\u652f\u4ed8 *<\/strong><\/p><p>Se aplica un costo adicional para env\u00edos.<\/p><p>\u8bf7\u62e8\u6253 + 506-6056-6052 \u67e5\u770b\u8fd0\u8d39<\/p><\/div>\n\t\t\t\t<\/div>\n\t\t\t\t\t\t\t\t<\/div>\n\t\t\t\t\t\t<\/div>\n\t\t\t\t<\/div>\n\t\t\t\t\t<\/div>\n\t\t<\/div>\n\t\t\t\t\t<\/div>\n\t\t<\/div>\n\t\t\t\t<\/div>","protected":false},"excerpt":{"rendered":"<p>\u00bfD\u00f3nde comprar los productos? No tenemos un punto de venta para consumidores.\u00a0 Los productos pueden adquirirse a trav\u00e9s de nuestro website o puntos de venta autorizados. \u00bfCu\u00e1les m\u00e9todos de pago puedo aceptar al comprar? Se puede utilizar transferencia bancaria o Sinpe M\u00f3vil \u00bfCu\u00e1nto tardan en entregar mi producto? A partir de la confirmaci\u00f3n del pedido, [&hellip;]<\/p>","protected":false},"author":4,"featured_media":0,"parent":0,"menu_order":0,"comment_status":"closed","ping_status":"closed","template":"","meta":{"footnotes":""},"class_list":["post-84","page","type-page","status-publish","hentry"],"_links":{"self":[{"href":"https:\/\/www.mamading.com\/zh\/wp-json\/wp\/v2\/pages\/84","targetHints":{"allow":["GET"]}}],"collection":[{"href":"https:\/\/www.mamading.com\/zh\/wp-json\/wp\/v2\/pages"}],"about":[{"href":"https:\/\/www.mamading.com\/zh\/wp-json\/wp\/v2\/types\/page"}],"author":[{"embeddable":true,"href":"https:\/\/www.mamading.com\/zh\/wp-json\/wp\/v2\/users\/4"}],"replies":[{"embeddable":true,"href":"https:\/\/www.mamading.com\/zh\/wp-json\/wp\/v2\/comments?post=84"}],"version-history":[{"count":16,"href":"https:\/\/www.mamading.com\/zh\/wp-json\/wp\/v2\/pages\/84\/revisions"}],"predecessor-version":[{"id":3820,"href":"https:\/\/www.mamading.com\/zh\/wp-json\/wp\/v2\/pages\/84\/revisions\/3820"}],"wp:attachment":[{"href":"https:\/\/www.mamading.com\/zh\/wp-json\/wp\/v2\/media?parent=84"}],"curies":[{"name":"wp","href":"https:\/\/api.w.org\/{rel}","templated":true}]}}