{"id":2860,"date":"2021-07-31T16:05:24","date_gmt":"2021-07-31T22:05:24","guid":{"rendered":"http:\/\/www.mamading.com\/?post_type=product&#038;p=2860"},"modified":"2021-09-06T09:27:21","modified_gmt":"2021-09-06T15:27:21","slug":"tazas-para-te-set-de-6-unidades","status":"publish","type":"product","link":"https:\/\/www.mamading.com\/zh\/product\/tazas-para-te-set-de-6-unidades\/","title":{"rendered":"\u8336\u676f - 6 \u4ef6\u5957"},"content":{"rendered":"<p><em><span style=\"font-weight: 400;\">\u6a31\u82b1\u56fe\u6848\u65e5\u672c\u4f20\u7edf\u9676\u74f7\u8336\u676f 6 \u4ef6\u5957<\/span><\/em><\/p>\n<p><em><span style=\"font-weight: 400;\">\u7b80\u7ea6\u4f18\u96c5<\/span><\/em><\/p>\n<p><em><span style=\"font-weight: 400;\">\u7528\u8fd9\u4e2a\u676f\u5b50\uff0c\u60a8\u7684\u4f18\u8d28\u6563\u53f6\u7eff\u8336\u5473\u9053\u4f1a\u66f4\u597d\u3002<\/span><\/em><\/p>\n<p><em><span style=\"font-weight: 400;\">\u6d17\u7897\u673a\u5b89\u5168<\/span><\/em><\/p>\n<p><em><span style=\"font-weight: 400;\">\u65e5\u672c\u4ea7\u54c1<\/span><\/em><\/p>","protected":false},"excerpt":{"rendered":"<p>Set de 6 tazas de t\u00e9 tradicional japonesa de cer\u00e1mica con un motivo de Cherry Blossom Elegancia simple Su t\u00e9 verde Premium de hojas sueltas sabr\u00e1 mejor con esta taza. Aptas para el lavavajillas Producto Japon<\/p>","protected":false},"featured_media":3502,"template":"","meta":[],"product_brand":[],"product_cat":[556],"product_tag":[513,514,222,211,515],"class_list":{"0":"post-2860","1":"product","2":"type-product","3":"status-publish","4":"has-post-thumbnail","6":"product_cat-utensilios","7":"product_tag-ceramica","8":"product_tag-cuatro-tazas-tradicional","9":"product_tag-producto-asiatico-en-costa-rica","10":"product_tag-producto-oriental-en-costa-rica","11":"product_tag-set-de-tazas","13":"first","14":"instock","15":"taxable","16":"shipping-taxable","17":"purchasable","18":"product-type-simple"},"_links":{"self":[{"href":"https:\/\/www.mamading.com\/zh\/wp-json\/wp\/v2\/product\/2860","targetHints":{"allow":["GET"]}}],"collection":[{"href":"https:\/\/www.mamading.com\/zh\/wp-json\/wp\/v2\/product"}],"about":[{"href":"https:\/\/www.mamading.com\/zh\/wp-json\/wp\/v2\/types\/product"}],"version-history":[{"count":5,"href":"https:\/\/www.mamading.com\/zh\/wp-json\/wp\/v2\/product\/2860\/revisions"}],"predecessor-version":[{"id":3501,"href":"https:\/\/www.mamading.com\/zh\/wp-json\/wp\/v2\/product\/2860\/revisions\/3501"}],"wp:featuredmedia":[{"embeddable":true,"href":"https:\/\/www.mamading.com\/zh\/wp-json\/wp\/v2\/media\/3502"}],"wp:attachment":[{"href":"https:\/\/www.mamading.com\/zh\/wp-json\/wp\/v2\/media?parent=2860"}],"wp:term":[{"taxonomy":"product_brand","embeddable":true,"href":"https:\/\/www.mamading.com\/zh\/wp-json\/wp\/v2\/product_brand?post=2860"},{"taxonomy":"product_cat","embeddable":true,"href":"https:\/\/www.mamading.com\/zh\/wp-json\/wp\/v2\/product_cat?post=2860"},{"taxonomy":"product_tag","embeddable":true,"href":"https:\/\/www.mamading.com\/zh\/wp-json\/wp\/v2\/product_tag?post=2860"}],"curies":[{"name":"wp","href":"https:\/\/api.w.org\/{rel}","templated":true}]}}