{"id":3636,"date":"2022-01-29T11:28:50","date_gmt":"2022-01-29T17:28:50","guid":{"rendered":"https:\/\/www.mamading.com\/?post_type=product&#038;p=3636"},"modified":"2022-09-09T11:16:52","modified_gmt":"2022-09-09T17:16:52","slug":"rico-bubble-milk-tea-brown-sugar-350g","status":"publish","type":"product","link":"https:\/\/www.mamading.com\/zh\/product\/rico-bubble-milk-tea-brown-sugar-350g\/","title":{"rendered":"Rico Bubble Milk Tea \/ Brown Sugar- 350g"},"content":{"rendered":"<p>Del\u00e9itese con los sabores y texturas \u00fanicos y deliciosos del t\u00e9 boba en la comodidad de una lata con pedacitos de tapioca, esta aut\u00e9ntica receta con sabor a az\u00facar moreno<\/p>\n<p>Simplemente refrigere para obtener una bebida refrescante que puede disfrutar en cualquier momento del d\u00eda.<\/p>","protected":false},"excerpt":{"rendered":"<p>Del\u00e9itese con los sabores y texturas \u00fanicos y deliciosos del t\u00e9 boba en la comodidad de una lata con pedacitos de tapioca, esta aut\u00e9ntica receta con sabor a az\u00facar moreno Simplemente refrigere para obtener una bebida refrescante que puede disfrutar en cualquier momento del d\u00eda.<\/p>","protected":false},"featured_media":3685,"template":"","meta":[],"product_brand":[],"product_cat":[549],"product_tag":[],"class_list":{"0":"post-3636","1":"product","2":"type-product","3":"status-publish","4":"has-post-thumbnail","6":"product_cat-bebidas","8":"first","9":"instock","10":"taxable","11":"shipping-taxable","12":"purchasable","13":"product-type-simple"},"_links":{"self":[{"href":"https:\/\/www.mamading.com\/zh\/wp-json\/wp\/v2\/product\/3636","targetHints":{"allow":["GET"]}}],"collection":[{"href":"https:\/\/www.mamading.com\/zh\/wp-json\/wp\/v2\/product"}],"about":[{"href":"https:\/\/www.mamading.com\/zh\/wp-json\/wp\/v2\/types\/product"}],"version-history":[{"count":4,"href":"https:\/\/www.mamading.com\/zh\/wp-json\/wp\/v2\/product\/3636\/revisions"}],"predecessor-version":[{"id":3687,"href":"https:\/\/www.mamading.com\/zh\/wp-json\/wp\/v2\/product\/3636\/revisions\/3687"}],"wp:featuredmedia":[{"embeddable":true,"href":"https:\/\/www.mamading.com\/zh\/wp-json\/wp\/v2\/media\/3685"}],"wp:attachment":[{"href":"https:\/\/www.mamading.com\/zh\/wp-json\/wp\/v2\/media?parent=3636"}],"wp:term":[{"taxonomy":"product_brand","embeddable":true,"href":"https:\/\/www.mamading.com\/zh\/wp-json\/wp\/v2\/product_brand?post=3636"},{"taxonomy":"product_cat","embeddable":true,"href":"https:\/\/www.mamading.com\/zh\/wp-json\/wp\/v2\/product_cat?post=3636"},{"taxonomy":"product_tag","embeddable":true,"href":"https:\/\/www.mamading.com\/zh\/wp-json\/wp\/v2\/product_tag?post=3636"}],"curies":[{"name":"wp","href":"https:\/\/api.w.org\/{rel}","templated":true}]}}