{"id":3673,"date":"2022-08-10T19:52:10","date_gmt":"2022-08-11T01:52:10","guid":{"rendered":"https:\/\/www.mamading.com\/?post_type=product&#038;p=3673"},"modified":"2022-08-10T19:52:10","modified_gmt":"2022-08-11T01:52:10","slug":"bulldog-tonkatsu-sauce-1-8l","status":"publish","type":"product","link":"https:\/\/www.mamading.com\/zh\/product\/bulldog-tonkatsu-sauce-1-8l\/","title":{"rendered":"Bulldog Tonkatsu Sauce &#8211; 1.8L"},"content":{"rendered":"<p>La salsa barbacoa al estilo japon\u00e9s<\/p>\n<p>Este condimento es conocido por su sabor distintivo pero vers\u00e1til<\/p>\n<p>Se usa en chuletas empanizadas fritas y acompa\u00f1a las croqueta hecha de tofu<\/p>","protected":false},"excerpt":{"rendered":"<p>La salsa barbacoa al estilo japon\u00e9s Este condimento es conocido por su sabor distintivo pero vers\u00e1til Se usa en chuletas empanizadas fritas y acompa\u00f1a las croqueta hecha de tofu<\/p>","protected":false},"featured_media":3674,"template":"","meta":[],"product_brand":[],"product_cat":[551],"product_tag":[],"class_list":{"0":"post-3673","1":"product","2":"type-product","3":"status-publish","4":"has-post-thumbnail","6":"product_cat-salsas","8":"first","9":"instock","10":"taxable","11":"shipping-taxable","12":"purchasable","13":"product-type-simple"},"_links":{"self":[{"href":"https:\/\/www.mamading.com\/zh\/wp-json\/wp\/v2\/product\/3673","targetHints":{"allow":["GET"]}}],"collection":[{"href":"https:\/\/www.mamading.com\/zh\/wp-json\/wp\/v2\/product"}],"about":[{"href":"https:\/\/www.mamading.com\/zh\/wp-json\/wp\/v2\/types\/product"}],"version-history":[{"count":1,"href":"https:\/\/www.mamading.com\/zh\/wp-json\/wp\/v2\/product\/3673\/revisions"}],"predecessor-version":[{"id":3675,"href":"https:\/\/www.mamading.com\/zh\/wp-json\/wp\/v2\/product\/3673\/revisions\/3675"}],"wp:featuredmedia":[{"embeddable":true,"href":"https:\/\/www.mamading.com\/zh\/wp-json\/wp\/v2\/media\/3674"}],"wp:attachment":[{"href":"https:\/\/www.mamading.com\/zh\/wp-json\/wp\/v2\/media?parent=3673"}],"wp:term":[{"taxonomy":"product_brand","embeddable":true,"href":"https:\/\/www.mamading.com\/zh\/wp-json\/wp\/v2\/product_brand?post=3673"},{"taxonomy":"product_cat","embeddable":true,"href":"https:\/\/www.mamading.com\/zh\/wp-json\/wp\/v2\/product_cat?post=3673"},{"taxonomy":"product_tag","embeddable":true,"href":"https:\/\/www.mamading.com\/zh\/wp-json\/wp\/v2\/product_tag?post=3673"}],"curies":[{"name":"wp","href":"https:\/\/api.w.org\/{rel}","templated":true}]}}