{"id":3772,"date":"2022-11-20T11:40:00","date_gmt":"2022-11-20T17:40:00","guid":{"rendered":"https:\/\/www.mamading.com\/?post_type=product&#038;p=3772"},"modified":"2022-11-20T11:40:00","modified_gmt":"2022-11-20T17:40:00","slug":"mio-sake-espumoso-seco-750ml","status":"publish","type":"product","link":"https:\/\/www.mamading.com\/zh\/product\/mio-sake-espumoso-seco-750ml\/","title":{"rendered":"MIO Sake Espumoso Seco &#8211; 750ml"},"content":{"rendered":"<p>Elaborado tradicionalmente para ser refrescantemente crujiente con un final limpio y seco y un aroma afrutados de pera y uva<\/p>\n<p>Es un aperitivo ideal, pero tambi\u00e9n va bien con platos m\u00e1s ligeros o como acompa\u00f1amiento de postres<\/p>\n<p>Tiene un dise\u00f1o de botella particularmente hermoso y delgado y debe disfrutarse fr\u00edo<\/p>\n<p>El bajo contenido de alcohol del 5% hace que el sake espumoso sea un compa\u00f1ero ligero<\/p>\n<p>MIO se elabora en Nada en la prefectura de Hyogo. Esta regi\u00f3n es considerada una de las mejores productoras de sake en Jap\u00f3n<\/p>","protected":false},"excerpt":{"rendered":"<p>Elaborado tradicionalmente para ser refrescantemente crujiente con un final limpio y seco y un aroma afrutados de pera y uva Es un aperitivo ideal, pero tambi\u00e9n va bien con platos m\u00e1s ligeros o como acompa\u00f1amiento de postres Tiene un dise\u00f1o de botella particularmente hermoso y delgado y debe disfrutarse fr\u00edo El bajo contenido de alcohol [&hellip;]<\/p>","protected":false},"featured_media":3773,"template":"","meta":[],"product_brand":[],"product_cat":[560],"product_tag":[],"class_list":{"0":"post-3772","1":"product","2":"type-product","3":"status-publish","4":"has-post-thumbnail","6":"product_cat-bebidas-con-alcohol","8":"first","9":"instock","10":"taxable","11":"shipping-taxable","12":"purchasable","13":"product-type-simple"},"_links":{"self":[{"href":"https:\/\/www.mamading.com\/zh\/wp-json\/wp\/v2\/product\/3772","targetHints":{"allow":["GET"]}}],"collection":[{"href":"https:\/\/www.mamading.com\/zh\/wp-json\/wp\/v2\/product"}],"about":[{"href":"https:\/\/www.mamading.com\/zh\/wp-json\/wp\/v2\/types\/product"}],"version-history":[{"count":1,"href":"https:\/\/www.mamading.com\/zh\/wp-json\/wp\/v2\/product\/3772\/revisions"}],"predecessor-version":[{"id":3774,"href":"https:\/\/www.mamading.com\/zh\/wp-json\/wp\/v2\/product\/3772\/revisions\/3774"}],"wp:featuredmedia":[{"embeddable":true,"href":"https:\/\/www.mamading.com\/zh\/wp-json\/wp\/v2\/media\/3773"}],"wp:attachment":[{"href":"https:\/\/www.mamading.com\/zh\/wp-json\/wp\/v2\/media?parent=3772"}],"wp:term":[{"taxonomy":"product_brand","embeddable":true,"href":"https:\/\/www.mamading.com\/zh\/wp-json\/wp\/v2\/product_brand?post=3772"},{"taxonomy":"product_cat","embeddable":true,"href":"https:\/\/www.mamading.com\/zh\/wp-json\/wp\/v2\/product_cat?post=3772"},{"taxonomy":"product_tag","embeddable":true,"href":"https:\/\/www.mamading.com\/zh\/wp-json\/wp\/v2\/product_tag?post=3772"}],"curies":[{"name":"wp","href":"https:\/\/api.w.org\/{rel}","templated":true}]}}