{"id":3775,"date":"2022-11-20T19:19:31","date_gmt":"2022-11-21T01:19:31","guid":{"rendered":"https:\/\/www.mamading.com\/?post_type=product&#038;p=3775"},"modified":"2022-11-23T18:03:30","modified_gmt":"2022-11-24T00:03:30","slug":"hello-kitty-vino-espumoso-rosa-dulce-400ml","status":"publish","type":"product","link":"https:\/\/www.mamading.com\/zh\/product\/hello-kitty-vino-espumoso-rosa-dulce-400ml\/","title":{"rendered":"Hello Kitty Vino Espumoso Rosa Dulce &#8211; 400ml"},"content":{"rendered":"<p>De vuelta el vino Hello Kitty Sweet Pink, una adorable edici\u00f3n especial Sparkling Ros\u00e9 en una caja de regalo<\/p>\n<p>Semidulce con aromas florales y notas de almendras tostadas, confitura de fresas y turr\u00f3n con un 8% contenido de alcohol<\/p>\n<p><span style=\"font-weight: 400;\">\u00a1<\/span>Es la temporada del amor, la alegr\u00eda y la indulgencia aprobada por los gatitos!<\/p>","protected":false},"excerpt":{"rendered":"<p>De vuelta el vino Hello Kitty Sweet Pink, una adorable edici\u00f3n especial Sparkling Ros\u00e9 en una caja de regalo Semidulce con aromas florales y notas de almendras tostadas, confitura de fresas y turr\u00f3n con un 8% contenido de alcohol \u00a1Es la temporada del amor, la alegr\u00eda y la indulgencia aprobada por los gatitos!<\/p>","protected":false},"featured_media":3776,"template":"","meta":[],"product_brand":[],"product_cat":[560],"product_tag":[],"class_list":{"0":"post-3775","1":"product","2":"type-product","3":"status-publish","4":"has-post-thumbnail","6":"product_cat-bebidas-con-alcohol","8":"first","9":"instock","10":"taxable","11":"shipping-taxable","12":"purchasable","13":"product-type-simple"},"_links":{"self":[{"href":"https:\/\/www.mamading.com\/zh\/wp-json\/wp\/v2\/product\/3775","targetHints":{"allow":["GET"]}}],"collection":[{"href":"https:\/\/www.mamading.com\/zh\/wp-json\/wp\/v2\/product"}],"about":[{"href":"https:\/\/www.mamading.com\/zh\/wp-json\/wp\/v2\/types\/product"}],"version-history":[{"count":2,"href":"https:\/\/www.mamading.com\/zh\/wp-json\/wp\/v2\/product\/3775\/revisions"}],"predecessor-version":[{"id":3784,"href":"https:\/\/www.mamading.com\/zh\/wp-json\/wp\/v2\/product\/3775\/revisions\/3784"}],"wp:featuredmedia":[{"embeddable":true,"href":"https:\/\/www.mamading.com\/zh\/wp-json\/wp\/v2\/media\/3776"}],"wp:attachment":[{"href":"https:\/\/www.mamading.com\/zh\/wp-json\/wp\/v2\/media?parent=3775"}],"wp:term":[{"taxonomy":"product_brand","embeddable":true,"href":"https:\/\/www.mamading.com\/zh\/wp-json\/wp\/v2\/product_brand?post=3775"},{"taxonomy":"product_cat","embeddable":true,"href":"https:\/\/www.mamading.com\/zh\/wp-json\/wp\/v2\/product_cat?post=3775"},{"taxonomy":"product_tag","embeddable":true,"href":"https:\/\/www.mamading.com\/zh\/wp-json\/wp\/v2\/product_tag?post=3775"}],"curies":[{"name":"wp","href":"https:\/\/api.w.org\/{rel}","templated":true}]}}